{"id":2,"date":"2025-06-24T15:17:24","date_gmt":"2025-06-24T15:17:24","guid":{"rendered":"https:\/\/oberlaender-schuetzenhilfe.at\/?page_id=2"},"modified":"2025-11-24T13:13:27","modified_gmt":"2025-11-24T13:13:27","slug":"sample-page","status":"publish","type":"page","link":"https:\/\/oberlaender-schuetzenhilfe.at\/","title":{"rendered":""},"content":{"rendered":"\n<h2 class=\"wp-block-heading has-base-color has-text-color has-link-color wp-elements-023b2a8f6ba71a41e1222cd83b60d0ad\">Anmeldeformulare<\/h2>\n\n\n\n<h2 class=\"wp-block-heading has-base-color has-text-color has-link-color wp-elements-3f60291d620280e018170b3d51f732df\">..f\u00fcr Privatpersonen:<\/h2>\n\n\n\n<div class=\"wp-block-file\"><a href=\"https:\/\/oberlaender-schuetzenhilfe.at\/wp-content\/uploads\/2025\/11\/Anmeldeformular-Oberlaender-Schuetzenhilfe-Personen-v2.1-Formular.pdf\" class=\"wp-block-file__button wp-element-button\" download>Herunterladen<\/a><\/div>\n\n\n\n<h2 class=\"wp-block-heading has-base-color has-text-color has-link-color wp-elements-aa8cb68c0f3184be43785742d112211f\">..f\u00fcr Vereine, Gemeinden, Firmen:<\/h2>\n\n\n\n<div class=\"wp-block-file\"><a href=\"https:\/\/oberlaender-schuetzenhilfe.at\/wp-content\/uploads\/2025\/11\/Anmeldeformular-Oberlaender-Schuetzenhilfe-Vereine-Gemeinden-Firmen-v2.1F-Formular.pdf\" class=\"wp-block-file__button wp-element-button\" download>Herunterladen<\/a><\/div>\n\n\n\n<h2 class=\"wp-block-heading has-base-color has-text-color has-link-color wp-elements-fa9a253543903b70de6e1531e2ee3564\">Jahrsspenden 2025<\/h2>\n\n\n\n<div class=\"wp-block-file\"><a href=\"https:\/\/oberlaender-schuetzenhilfe.at\/wp-content\/uploads\/2025\/11\/Oberlaender-Schuetzenhilfe-Jahresspenden-ab-05-2025.pdf\" class=\"wp-block-file__button wp-element-button\" download>Herunterladen<\/a><\/div>\n","protected":false},"excerpt":{"rendered":"<p>Anmeldeformulare ..f\u00fcr Privatpersonen: ..f\u00fcr Vereine, Gemeinden, Firmen: Jahrsspenden 2025<\/p>\n","protected":false},"author":1,"featured_media":0,"parent":0,"menu_order":0,"comment_status":"closed","ping_status":"open","template":"","meta":{"footnotes":""},"class_list":["post-2","page","type-page","status-publish","hentry"],"yoast_head":"<!-- This site is optimized with the Yoast SEO plugin v27.6 - https:\/\/yoast.com\/product\/yoast-seo-wordpress\/ -->\n<title>- Oberl\u00e4nder Sch\u00fctzenhilfe<\/title>\n<meta name=\"robots\" content=\"index, follow, max-snippet:-1, max-image-preview:large, max-video-preview:-1\" \/>\n<link rel=\"canonical\" href=\"https:\/\/oberlaender-schuetzenhilfe.at\/\" \/>\n<meta property=\"og:locale\" content=\"de_DE\" \/>\n<meta property=\"og:type\" content=\"article\" \/>\n<meta property=\"og:title\" content=\"- Oberl\u00e4nder Sch\u00fctzenhilfe\" \/>\n<meta property=\"og:description\" content=\"Anmeldeformulare ..f\u00fcr Privatpersonen: ..f\u00fcr Vereine, Gemeinden, Firmen: Jahrsspenden 2025\" \/>\n<meta property=\"og:url\" content=\"https:\/\/oberlaender-schuetzenhilfe.at\/\" \/>\n<meta property=\"og:site_name\" content=\"Oberl\u00e4nder Sch\u00fctzenhilfe\" \/>\n<meta property=\"article:modified_time\" content=\"2025-11-24T13:13:27+00:00\" \/>\n<meta name=\"twitter:card\" content=\"summary_large_image\" \/>\n<meta name=\"twitter:label1\" content=\"Gesch\u00e4tzte Lesezeit\" \/>\n\t<meta name=\"twitter:data1\" content=\"1\u00a0Minute\" \/>\n<script type=\"application\/ld+json\" class=\"yoast-schema-graph\">{\"@context\":\"https:\\\/\\\/schema.org\",\"@graph\":[{\"@type\":\"WebPage\",\"@id\":\"https:\\\/\\\/oberlaender-schuetzenhilfe.at\\\/\",\"url\":\"https:\\\/\\\/oberlaender-schuetzenhilfe.at\\\/\",\"name\":\"- Oberl\u00e4nder Sch\u00fctzenhilfe\",\"isPartOf\":{\"@id\":\"https:\\\/\\\/oberlaender-schuetzenhilfe.at\\\/#website\"},\"datePublished\":\"2025-06-24T15:17:24+00:00\",\"dateModified\":\"2025-11-24T13:13:27+00:00\",\"inLanguage\":\"de\",\"potentialAction\":[{\"@type\":\"ReadAction\",\"target\":[\"https:\\\/\\\/oberlaender-schuetzenhilfe.at\\\/\"]}]},{\"@type\":\"WebSite\",\"@id\":\"https:\\\/\\\/oberlaender-schuetzenhilfe.at\\\/#website\",\"url\":\"https:\\\/\\\/oberlaender-schuetzenhilfe.at\\\/\",\"name\":\"Oberl\u00e4nder Sch\u00fctzenhilfe\",\"description\":\"\",\"publisher\":{\"@id\":\"https:\\\/\\\/oberlaender-schuetzenhilfe.at\\\/#organization\"},\"potentialAction\":[{\"@type\":\"SearchAction\",\"target\":{\"@type\":\"EntryPoint\",\"urlTemplate\":\"https:\\\/\\\/oberlaender-schuetzenhilfe.at\\\/?s={search_term_string}\"},\"query-input\":{\"@type\":\"PropertyValueSpecification\",\"valueRequired\":true,\"valueName\":\"search_term_string\"}}],\"inLanguage\":\"de\"},{\"@type\":\"Organization\",\"@id\":\"https:\\\/\\\/oberlaender-schuetzenhilfe.at\\\/#organization\",\"name\":\"Oberl\u00e4nder Sch\u00fctzenhilfe\",\"url\":\"https:\\\/\\\/oberlaender-schuetzenhilfe.at\\\/\",\"logo\":{\"@type\":\"ImageObject\",\"inLanguage\":\"de\",\"@id\":\"https:\\\/\\\/oberlaender-schuetzenhilfe.at\\\/#\\\/schema\\\/logo\\\/image\\\/\",\"url\":\"https:\\\/\\\/oberlaender-schuetzenhilfe.at\\\/wp-content\\\/uploads\\\/2025\\\/09\\\/OSH-Logo-quer-rechts-Schrift-weiss-scaled.png\",\"contentUrl\":\"https:\\\/\\\/oberlaender-schuetzenhilfe.at\\\/wp-content\\\/uploads\\\/2025\\\/09\\\/OSH-Logo-quer-rechts-Schrift-weiss-scaled.png\",\"width\":2560,\"height\":570,\"caption\":\"Oberl\u00e4nder Sch\u00fctzenhilfe\"},\"image\":{\"@id\":\"https:\\\/\\\/oberlaender-schuetzenhilfe.at\\\/#\\\/schema\\\/logo\\\/image\\\/\"}}]}<\/script>\n<!-- \/ Yoast SEO plugin. -->","yoast_head_json":{"title":"- Oberl\u00e4nder Sch\u00fctzenhilfe","robots":{"index":"index","follow":"follow","max-snippet":"max-snippet:-1","max-image-preview":"max-image-preview:large","max-video-preview":"max-video-preview:-1"},"canonical":"https:\/\/oberlaender-schuetzenhilfe.at\/","og_locale":"de_DE","og_type":"article","og_title":"- Oberl\u00e4nder Sch\u00fctzenhilfe","og_description":"Anmeldeformulare ..f\u00fcr Privatpersonen: ..f\u00fcr Vereine, Gemeinden, Firmen: Jahrsspenden 2025","og_url":"https:\/\/oberlaender-schuetzenhilfe.at\/","og_site_name":"Oberl\u00e4nder Sch\u00fctzenhilfe","article_modified_time":"2025-11-24T13:13:27+00:00","twitter_card":"summary_large_image","twitter_misc":{"Gesch\u00e4tzte Lesezeit":"1\u00a0Minute"},"schema":{"@context":"https:\/\/schema.org","@graph":[{"@type":"WebPage","@id":"https:\/\/oberlaender-schuetzenhilfe.at\/","url":"https:\/\/oberlaender-schuetzenhilfe.at\/","name":"- Oberl\u00e4nder Sch\u00fctzenhilfe","isPartOf":{"@id":"https:\/\/oberlaender-schuetzenhilfe.at\/#website"},"datePublished":"2025-06-24T15:17:24+00:00","dateModified":"2025-11-24T13:13:27+00:00","inLanguage":"de","potentialAction":[{"@type":"ReadAction","target":["https:\/\/oberlaender-schuetzenhilfe.at\/"]}]},{"@type":"WebSite","@id":"https:\/\/oberlaender-schuetzenhilfe.at\/#website","url":"https:\/\/oberlaender-schuetzenhilfe.at\/","name":"Oberl\u00e4nder Sch\u00fctzenhilfe","description":"","publisher":{"@id":"https:\/\/oberlaender-schuetzenhilfe.at\/#organization"},"potentialAction":[{"@type":"SearchAction","target":{"@type":"EntryPoint","urlTemplate":"https:\/\/oberlaender-schuetzenhilfe.at\/?s={search_term_string}"},"query-input":{"@type":"PropertyValueSpecification","valueRequired":true,"valueName":"search_term_string"}}],"inLanguage":"de"},{"@type":"Organization","@id":"https:\/\/oberlaender-schuetzenhilfe.at\/#organization","name":"Oberl\u00e4nder Sch\u00fctzenhilfe","url":"https:\/\/oberlaender-schuetzenhilfe.at\/","logo":{"@type":"ImageObject","inLanguage":"de","@id":"https:\/\/oberlaender-schuetzenhilfe.at\/#\/schema\/logo\/image\/","url":"https:\/\/oberlaender-schuetzenhilfe.at\/wp-content\/uploads\/2025\/09\/OSH-Logo-quer-rechts-Schrift-weiss-scaled.png","contentUrl":"https:\/\/oberlaender-schuetzenhilfe.at\/wp-content\/uploads\/2025\/09\/OSH-Logo-quer-rechts-Schrift-weiss-scaled.png","width":2560,"height":570,"caption":"Oberl\u00e4nder Sch\u00fctzenhilfe"},"image":{"@id":"https:\/\/oberlaender-schuetzenhilfe.at\/#\/schema\/logo\/image\/"}}]}},"_links":{"self":[{"href":"https:\/\/oberlaender-schuetzenhilfe.at\/index.php?rest_route=\/wp\/v2\/pages\/2","targetHints":{"allow":["GET"]}}],"collection":[{"href":"https:\/\/oberlaender-schuetzenhilfe.at\/index.php?rest_route=\/wp\/v2\/pages"}],"about":[{"href":"https:\/\/oberlaender-schuetzenhilfe.at\/index.php?rest_route=\/wp\/v2\/types\/page"}],"author":[{"embeddable":true,"href":"https:\/\/oberlaender-schuetzenhilfe.at\/index.php?rest_route=\/wp\/v2\/users\/1"}],"replies":[{"embeddable":true,"href":"https:\/\/oberlaender-schuetzenhilfe.at\/index.php?rest_route=%2Fwp%2Fv2%2Fcomments&post=2"}],"version-history":[{"count":21,"href":"https:\/\/oberlaender-schuetzenhilfe.at\/index.php?rest_route=\/wp\/v2\/pages\/2\/revisions"}],"predecessor-version":[{"id":92,"href":"https:\/\/oberlaender-schuetzenhilfe.at\/index.php?rest_route=\/wp\/v2\/pages\/2\/revisions\/92"}],"wp:attachment":[{"href":"https:\/\/oberlaender-schuetzenhilfe.at\/index.php?rest_route=%2Fwp%2Fv2%2Fmedia&parent=2"}],"curies":[{"name":"wp","href":"https:\/\/api.w.org\/{rel}","templated":true}]}}